{"id":1355,"date":"2025-05-21T18:37:01","date_gmt":"2025-05-21T23:37:01","guid":{"rendered":"https:\/\/viqsglobal.com\/?page_id=1355"},"modified":"2026-01-26T20:43:03","modified_gmt":"2026-01-27T01:43:03","slug":"kits-educativos","status":"publish","type":"page","link":"https:\/\/viqsglobal.com\/?page_id=1355","title":{"rendered":"Sistemas de gesti\u00f3n"},"content":{"rendered":"\t\t<div data-elementor-type=\"wp-post\" data-elementor-id=\"1355\" class=\"elementor elementor-1355\">\n\t\t\t\t\t\t<section class=\"elementor-section elementor-top-section elementor-element elementor-element-39dabc18 elementor-section-content-middle elementor-section-boxed elementor-section-height-default elementor-section-height-default\" data-id=\"39dabc18\" data-element_type=\"section\" data-settings=\"{&quot;background_background&quot;:&quot;classic&quot;}\">\n\t\t\t\t\t\t\t<div class=\"elementor-background-overlay\"><\/div>\n\t\t\t\t\t\t\t<div class=\"elementor-container elementor-column-gap-no\">\n\t\t\t\t\t<div class=\"elementor-column elementor-col-100 elementor-top-column elementor-element elementor-element-f60585f\" data-id=\"f60585f\" data-element_type=\"column\">\n\t\t\t<div class=\"elementor-widget-wrap elementor-element-populated\">\n\t\t\t\t\t\t<div class=\"elementor-element elementor-element-438af913 elementor-widget elementor-widget-heading\" data-id=\"438af913\" data-element_type=\"widget\" data-widget_type=\"heading.default\">\n\t\t\t\t<div class=\"elementor-widget-container\">\n\t\t\t<style>\/*! elementor - v3.20.0 - 26-03-2024 *\/\n.elementor-heading-title{padding:0;margin:0;line-height:1}.elementor-widget-heading .elementor-heading-title[class*=elementor-size-]>a{color:inherit;font-size:inherit;line-height:inherit}.elementor-widget-heading .elementor-heading-title.elementor-size-small{font-size:15px}.elementor-widget-heading .elementor-heading-title.elementor-size-medium{font-size:19px}.elementor-widget-heading .elementor-heading-title.elementor-size-large{font-size:29px}.elementor-widget-heading .elementor-heading-title.elementor-size-xl{font-size:39px}.elementor-widget-heading .elementor-heading-title.elementor-size-xxl{font-size:59px}<\/style><h2 class=\"elementor-heading-title elementor-size-default\">SERVICIOS DE CONSULTOR\u00cdA<\/h2>\t\t<\/div>\n\t\t\t\t<\/div>\n\t\t\t\t\t<\/div>\n\t\t<\/div>\n\t\t\t\t\t<\/div>\n\t\t<\/section>\n\t\t<div class=\"elementor-element elementor-element-e88f817 e-flex e-con-boxed e-con e-parent\" data-id=\"e88f817\" data-element_type=\"container\" data-core-v316-plus=\"true\">\n\t\t\t\t\t<div class=\"e-con-inner\">\n\t\t<div class=\"elementor-element elementor-element-24b1cf4 e-con-full e-flex e-con e-child\" data-id=\"24b1cf4\" data-element_type=\"container\">\n\t\t\t\t<div class=\"elementor-element elementor-element-3c89a9b elementor-widget elementor-widget-heading\" data-id=\"3c89a9b\" data-element_type=\"widget\" data-widget_type=\"heading.default\">\n\t\t\t\t<div class=\"elementor-widget-container\">\n\t\t\t<h2 class=\"elementor-heading-title elementor-size-default\">Nuestros servicios<\/h2>\t\t<\/div>\n\t\t\t\t<\/div>\n\t\t\t\t<div class=\"elementor-element elementor-element-2afa7ea elementor-widget-divider--view-line elementor-widget elementor-widget-divider\" data-id=\"2afa7ea\" data-element_type=\"widget\" data-widget_type=\"divider.default\">\n\t\t\t\t<div class=\"elementor-widget-container\">\n\t\t\t<style>\/*! elementor - v3.20.0 - 26-03-2024 *\/\n.elementor-widget-divider{--divider-border-style:none;--divider-border-width:1px;--divider-color:#0c0d0e;--divider-icon-size:20px;--divider-element-spacing:10px;--divider-pattern-height:24px;--divider-pattern-size:20px;--divider-pattern-url:none;--divider-pattern-repeat:repeat-x}.elementor-widget-divider .elementor-divider{display:flex}.elementor-widget-divider .elementor-divider__text{font-size:15px;line-height:1;max-width:95%}.elementor-widget-divider .elementor-divider__element{margin:0 var(--divider-element-spacing);flex-shrink:0}.elementor-widget-divider .elementor-icon{font-size:var(--divider-icon-size)}.elementor-widget-divider .elementor-divider-separator{display:flex;margin:0;direction:ltr}.elementor-widget-divider--view-line_icon .elementor-divider-separator,.elementor-widget-divider--view-line_text .elementor-divider-separator{align-items:center}.elementor-widget-divider--view-line_icon .elementor-divider-separator:after,.elementor-widget-divider--view-line_icon .elementor-divider-separator:before,.elementor-widget-divider--view-line_text .elementor-divider-separator:after,.elementor-widget-divider--view-line_text .elementor-divider-separator:before{display:block;content:\"\";border-block-end:0;flex-grow:1;border-block-start:var(--divider-border-width) var(--divider-border-style) var(--divider-color)}.elementor-widget-divider--element-align-left .elementor-divider .elementor-divider-separator>.elementor-divider__svg:first-of-type{flex-grow:0;flex-shrink:100}.elementor-widget-divider--element-align-left .elementor-divider-separator:before{content:none}.elementor-widget-divider--element-align-left .elementor-divider__element{margin-left:0}.elementor-widget-divider--element-align-right .elementor-divider .elementor-divider-separator>.elementor-divider__svg:last-of-type{flex-grow:0;flex-shrink:100}.elementor-widget-divider--element-align-right .elementor-divider-separator:after{content:none}.elementor-widget-divider--element-align-right .elementor-divider__element{margin-right:0}.elementor-widget-divider--element-align-start .elementor-divider .elementor-divider-separator>.elementor-divider__svg:first-of-type{flex-grow:0;flex-shrink:100}.elementor-widget-divider--element-align-start .elementor-divider-separator:before{content:none}.elementor-widget-divider--element-align-start .elementor-divider__element{margin-inline-start:0}.elementor-widget-divider--element-align-end .elementor-divider .elementor-divider-separator>.elementor-divider__svg:last-of-type{flex-grow:0;flex-shrink:100}.elementor-widget-divider--element-align-end .elementor-divider-separator:after{content:none}.elementor-widget-divider--element-align-end .elementor-divider__element{margin-inline-end:0}.elementor-widget-divider:not(.elementor-widget-divider--view-line_text):not(.elementor-widget-divider--view-line_icon) .elementor-divider-separator{border-block-start:var(--divider-border-width) var(--divider-border-style) var(--divider-color)}.elementor-widget-divider--separator-type-pattern{--divider-border-style:none}.elementor-widget-divider--separator-type-pattern.elementor-widget-divider--view-line .elementor-divider-separator,.elementor-widget-divider--separator-type-pattern:not(.elementor-widget-divider--view-line) .elementor-divider-separator:after,.elementor-widget-divider--separator-type-pattern:not(.elementor-widget-divider--view-line) .elementor-divider-separator:before,.elementor-widget-divider--separator-type-pattern:not([class*=elementor-widget-divider--view]) .elementor-divider-separator{width:100%;min-height:var(--divider-pattern-height);-webkit-mask-size:var(--divider-pattern-size) 100%;mask-size:var(--divider-pattern-size) 100%;-webkit-mask-repeat:var(--divider-pattern-repeat);mask-repeat:var(--divider-pattern-repeat);background-color:var(--divider-color);-webkit-mask-image:var(--divider-pattern-url);mask-image:var(--divider-pattern-url)}.elementor-widget-divider--no-spacing{--divider-pattern-size:auto}.elementor-widget-divider--bg-round{--divider-pattern-repeat:round}.rtl .elementor-widget-divider .elementor-divider__text{direction:rtl}.e-con-inner>.elementor-widget-divider,.e-con>.elementor-widget-divider{width:var(--container-widget-width,100%);--flex-grow:var(--container-widget-flex-grow)}<\/style>\t\t<div class=\"elementor-divider\">\n\t\t\t<span class=\"elementor-divider-separator\">\n\t\t\t\t\t\t<\/span>\n\t\t<\/div>\n\t\t\t\t<\/div>\n\t\t\t\t<\/div>\n\t\t\t\t<div class=\"elementor-element elementor-element-e9e9cdf elementor-widget elementor-widget-text-editor\" data-id=\"e9e9cdf\" data-element_type=\"widget\" data-widget_type=\"text-editor.default\">\n\t\t\t\t<div class=\"elementor-widget-container\">\n\t\t\t<style>\/*! elementor - v3.20.0 - 26-03-2024 *\/\n.elementor-widget-text-editor.elementor-drop-cap-view-stacked .elementor-drop-cap{background-color:#69727d;color:#fff}.elementor-widget-text-editor.elementor-drop-cap-view-framed .elementor-drop-cap{color:#69727d;border:3px solid;background-color:transparent}.elementor-widget-text-editor:not(.elementor-drop-cap-view-default) .elementor-drop-cap{margin-top:8px}.elementor-widget-text-editor:not(.elementor-drop-cap-view-default) .elementor-drop-cap-letter{width:1em;height:1em}.elementor-widget-text-editor .elementor-drop-cap{float:left;text-align:center;line-height:1;font-size:50px}.elementor-widget-text-editor .elementor-drop-cap-letter{display:inline-block}<\/style>\t\t\t\t<p>Ofrecemos servicios integrales de consultor\u00eda dise\u00f1ados para optimizar los sistemas de gesti\u00f3n de su organizaci\u00f3n. Nuestro equipo de expertos realiza diagn\u00f3sticos completos para identificar brechas en el cumplimiento de normas ISO\u00a0 y requisitos legales, estableciendo las bases para una toma de decisiones informada. Desarrollamos procedimientos personalizados y flujos de trabajo estandarizados para sus procesos operativos, de seguridad y calidad, reduciendo errores y garantizando el cumplimiento normativo. Adem\u00e1s, implementamos auditor\u00edas internas exhaustivas y programas de preparaci\u00f3n para certificaci\u00f3n, fortaleciendo sus capacidades organizacionales y asegurando la mejora continua. Cada servicio est\u00e1 adaptado a sus necesidades espec\u00edficas, entregando resultados tangibles que impulsan la eficiencia y excelencia operativa de su empresa.<\/p>\t\t\t\t\t\t<\/div>\n\t\t\t\t<\/div>\n\t\t\t\t<\/div>\n\t\t<div class=\"elementor-element elementor-element-46bcf5e e-con-full e-flex e-con e-child\" data-id=\"46bcf5e\" data-element_type=\"container\">\n\t\t\t\t<div class=\"elementor-element elementor-element-7a62e92 elementor-widget elementor-widget-image\" data-id=\"7a62e92\" data-element_type=\"widget\" data-widget_type=\"image.default\">\n\t\t\t\t<div class=\"elementor-widget-container\">\n\t\t\t<style>\/*! elementor - v3.20.0 - 26-03-2024 *\/\n.elementor-widget-image{text-align:center}.elementor-widget-image a{display:inline-block}.elementor-widget-image a img[src$=\".svg\"]{width:48px}.elementor-widget-image img{vertical-align:middle;display:inline-block}<\/style>\t\t\t\t\t\t\t\t\t\t<img fetchpriority=\"high\" decoding=\"async\" width=\"640\" height=\"562\" src=\"https:\/\/viqsglobal.com\/wp-content\/uploads\/2025\/09\/f47338203b86fd79cd6c008065293161.png\" class=\"attachment-large size-large wp-image-1882\" alt=\"\" srcset=\"https:\/\/viqsglobal.com\/wp-content\/uploads\/2025\/09\/f47338203b86fd79cd6c008065293161.png 640w, https:\/\/viqsglobal.com\/wp-content\/uploads\/2025\/09\/f47338203b86fd79cd6c008065293161-300x263.png 300w\" sizes=\"(max-width: 640px) 100vw, 640px\" \/>\t\t\t\t\t\t\t\t\t\t\t\t\t<\/div>\n\t\t\t\t<\/div>\n\t\t\t\t<\/div>\n\t\t\t\t\t<\/div>\n\t\t\t\t<\/div>\n\t\t<div class=\"elementor-element elementor-element-b6c997b e-flex e-con-boxed e-con e-parent\" data-id=\"b6c997b\" data-element_type=\"container\" data-core-v316-plus=\"true\">\n\t\t\t\t\t<div class=\"e-con-inner\">\n\t\t\t\t<div class=\"elementor-element elementor-element-13ea655 elementor-widget elementor-widget-text-editor\" data-id=\"13ea655\" data-element_type=\"widget\" data-widget_type=\"text-editor.default\">\n\t\t\t\t<div class=\"elementor-widget-container\">\n\t\t\t\t\t\t\t&nbsp;\n\n<style>\n        \/* Estilos generales *\/<br \/>\n        body {<br \/>\n            font-family: 'Arial', sans-serif;<br \/>\n            line-height: 1.6;<br \/>\n            color: #333;<br \/>\n            margin: 0;<br \/>\n            padding: 20px;<br \/>\n            background-color: #f9f9f9;<br \/>\n        }<\/p>\n<p>        h2 {<br \/>\n            color: #2c3e50;<br \/>\n            margin-top: 40px;<br \/>\n            padding-bottom: 10px;<br \/>\n            border-bottom: 2px solid #2c3e50;<br \/>\n        }<\/p>\n<p>        \/* Contenedores principales *\/<br \/>\n        .specs-container {<br \/>\n            max-width: 100%;<br \/>\n            margin: 40px 0;<br \/>\n            overflow-x: auto;<br \/>\n        }<\/p>\n<p>        \/* Tablas *\/<br \/>\n        .specs-table {<br \/>\n            width: 100%;<br \/>\n            border-collapse: collapse;<br \/>\n            margin: 20px 0;<br \/>\n            box-shadow: 0 2px 15px rgba(0,0,0,0.1);<br \/>\n            background-color: white;<br \/>\n        }<\/p>\n<p>        .specs-table thead tr {<br \/>\n            background-color: #2c3e50 !important;<br \/>\n        }<\/p>\n<p>        .specs-table th {<br \/>\n            color: white !important;<br \/>\n            padding: 15px;<br \/>\n            text-align: center;<br \/>\n            font-weight: bold;<br \/>\n            border-bottom: 2px solid #1a2634 !important;<br \/>\n        }<\/p>\n<p>        .specs-table td {<br \/>\n            padding: 12px 15px;<br \/>\n            border-bottom: 1px solid #e0e0e0;<br \/>\n            text-align: center;<br \/>\n            vertical-align: middle;<br \/>\n        }<\/p>\n<p>        .specs-table td:first-child {<br \/>\n            text-align: left;<br \/>\n            font-weight: bold;<br \/>\n        }<\/p>\n<p>        .specs-table tr:nth-child(even) {<br \/>\n            background-color: #f8f9fa;<br \/>\n        }<\/p>\n<p>        .specs-table tr:hover {<br \/>\n            background-color: #f1f1f1;<br \/>\n            transition: background-color 0.3s ease;<br \/>\n        }<\/p>\n<p>        .price {<br \/>\n            color: #27ae60;<br \/>\n            font-weight: bold;<br \/>\n        }<\/p>\n<p>        \/* Responsive *\/<br \/>\n        @media (max-width: 768px) {<br \/>\n            .specs-table {<br \/>\n                display: block;<br \/>\n                overflow-x: auto;<br \/>\n            }<\/p>\n<p>            .specs-table th,<br \/>\n            .specs-table td {<br \/>\n                min-width: 180px;<br \/>\n            }<br \/>\n        }<br \/>\n    <\/style>\n\n&nbsp;\n<div class=\"specs-container\">\n<h2>Servicios de Consultor\u00eda<\/h2>\n<table class=\"specs-table\">\n<thead>\n<tr>\n<th>Servicio<\/th>\n<th>Descripci\u00f3n<\/th>\n<th>Beneficios<\/th>\n<th>Entregables<\/th>\n<th>Alcance del servicio<\/th>\n<\/tr>\n<\/thead>\n<tbody>\n<tr>\n<td><strong>Diagn\u00f3stico del sistema de gesti\u00f3n<\/strong><\/td>\n<td>Evaluaci\u00f3n integral del cumplimiento con normas ISO 9001, requisitos legales y operativos. Incluye revisi\u00f3n documental y an\u00e1lisis del nivel de madurez del sistema.<\/td>\n<td>&#8211; Identificaci\u00f3n de brechas\n&#8211; Mayor claridad sobre el estado actual\n&#8211; Base para la toma de decisiones<\/td>\n<td>&#8211; Informe de diagn\u00f3stico\n&#8211; Matriz de brechas\n&#8211; Plan de acci\u00f3n preliminar<\/td>\n<td>Toda la organizaci\u00f3n o \u00e1reas espec\u00edficas seg\u00fan requerimiento<\/td>\n<\/tr>\n<tr>\n<td><strong>Dise\u00f1o, actualizaci\u00f3n e implementaci\u00f3n de procedimientos<\/strong><\/td>\n<td>Estandarizaci\u00f3n de procesos clave (operativos, seguridad, SST, calidad). Creaci\u00f3n de instructivos, formatos y flujogramas, adaptados a herramientas digitales y requisitos del cliente.<\/td>\n<td>&#8211; Procesos claros y documentados\n&#8211; Reducci\u00f3n de errores\n&#8211; Cumplimiento normativo<\/td>\n<td>&#8211; Procedimientos estandarizados\n&#8211; Flujogramas\n&#8211; Manual de procesos<\/td>\n<td>Procesos operativos, administrativos, de calidad y SST<\/td>\n<\/tr>\n<tr>\n<td><strong>Auditor\u00edas internas y preparaci\u00f3n para certificaci\u00f3n<\/strong><\/td>\n<td>Ejecuci\u00f3n de auditor\u00edas internas completas, por procesos o tem\u00e1ticas. Simulacros de auditor\u00eda de certificaci\u00f3n o de cliente. Capacitaci\u00f3n de auditores internos.<\/td>\n<td>&#8211; Preparaci\u00f3n para auditor\u00edas externas\n&#8211; Mejora continua garantizada\n&#8211; Personal capacitado<\/td>\n<td>&#8211; Informes de auditor\u00eda\n&#8211; Planes de mejora\n&#8211; Certificados de capacitaci\u00f3n<\/td>\n<td>Auditor\u00edas por procesos, sistemas completos o tem\u00e1ticas espec\u00edficas<\/td>\n<\/tr>\n<\/tbody>\n<\/table>\n<\/div>\n&nbsp;\t\t\t\t\t\t<\/div>\n\t\t\t\t<\/div>\n\t\t\t\t\t<\/div>\n\t\t\t\t<\/div>\n\t\t\t\t<\/div>\n\t\t","protected":false},"excerpt":{"rendered":"<p>SERVICIOS DE CONSULTOR\u00cdA Nuestros servicios Ofrecemos servicios integrales de consultor\u00eda dise\u00f1ados para optimizar los sistemas de gesti\u00f3n de su organizaci\u00f3n. Nuestro equipo de expertos realiza diagn\u00f3sticos completos para identificar brechas en el cumplimiento de normas ISO\u00a0 y requisitos legales, estableciendo las bases para una toma de decisiones informada. Desarrollamos procedimientos personalizados y flujos de trabajo [&hellip;]<\/p>\n","protected":false},"author":1,"featured_media":0,"parent":0,"menu_order":0,"comment_status":"closed","ping_status":"closed","template":"","meta":{"site-sidebar-layout":"no-sidebar","site-content-layout":"page-builder","ast-site-content-layout":"full-width-container","site-content-style":"unboxed","site-sidebar-style":"unboxed","ast-global-header-display":"","ast-banner-title-visibility":"","ast-main-header-display":"","ast-hfb-above-header-display":"","ast-hfb-below-header-display":"","ast-hfb-mobile-header-display":"","site-post-title":"disabled","ast-breadcrumbs-content":"","ast-featured-img":"disabled","footer-sml-layout":"","theme-transparent-header-meta":"enabled","adv-header-id-meta":"","stick-header-meta":"","header-above-stick-meta":"","header-main-stick-meta":"","header-below-stick-meta":"","astra-migrate-meta-layouts":"set","ast-page-background-enabled":"default","ast-page-background-meta":{"desktop":{"background-color":"","background-image":"","background-repeat":"repeat","background-position":"center center","background-size":"auto","background-attachment":"scroll","background-type":"","background-media":"","overlay-type":"","overlay-color":"","overlay-gradient":""},"tablet":{"background-color":"","background-image":"","background-repeat":"repeat","background-position":"center center","background-size":"auto","background-attachment":"scroll","background-type":"","background-media":"","overlay-type":"","overlay-color":"","overlay-gradient":""},"mobile":{"background-color":"","background-image":"","background-repeat":"repeat","background-position":"center center","background-size":"auto","background-attachment":"scroll","background-type":"","background-media":"","overlay-type":"","overlay-color":"","overlay-gradient":""}},"ast-content-background-meta":{"desktop":{"background-color":"var(--ast-global-color-5)","background-image":"","background-repeat":"repeat","background-position":"center center","background-size":"auto","background-attachment":"scroll","background-type":"","background-media":"","overlay-type":"","overlay-color":"","overlay-gradient":""},"tablet":{"background-color":"var(--ast-global-color-5)","background-image":"","background-repeat":"repeat","background-position":"center center","background-size":"auto","background-attachment":"scroll","background-type":"","background-media":"","overlay-type":"","overlay-color":"","overlay-gradient":""},"mobile":{"background-color":"var(--ast-global-color-5)","background-image":"","background-repeat":"repeat","background-position":"center center","background-size":"auto","background-attachment":"scroll","background-type":"","background-media":"","overlay-type":"","overlay-color":"","overlay-gradient":""}},"footnotes":""},"class_list":["post-1355","page","type-page","status-publish","hentry"],"_links":{"self":[{"href":"https:\/\/viqsglobal.com\/index.php?rest_route=\/wp\/v2\/pages\/1355","targetHints":{"allow":["GET"]}}],"collection":[{"href":"https:\/\/viqsglobal.com\/index.php?rest_route=\/wp\/v2\/pages"}],"about":[{"href":"https:\/\/viqsglobal.com\/index.php?rest_route=\/wp\/v2\/types\/page"}],"author":[{"embeddable":true,"href":"https:\/\/viqsglobal.com\/index.php?rest_route=\/wp\/v2\/users\/1"}],"replies":[{"embeddable":true,"href":"https:\/\/viqsglobal.com\/index.php?rest_route=%2Fwp%2Fv2%2Fcomments&post=1355"}],"version-history":[{"count":212,"href":"https:\/\/viqsglobal.com\/index.php?rest_route=\/wp\/v2\/pages\/1355\/revisions"}],"predecessor-version":[{"id":2059,"href":"https:\/\/viqsglobal.com\/index.php?rest_route=\/wp\/v2\/pages\/1355\/revisions\/2059"}],"wp:attachment":[{"href":"https:\/\/viqsglobal.com\/index.php?rest_route=%2Fwp%2Fv2%2Fmedia&parent=1355"}],"curies":[{"name":"wp","href":"https:\/\/api.w.org\/{rel}","templated":true}]}}