{"id":2034,"date":"2026-01-26T20:15:20","date_gmt":"2026-01-27T01:15:20","guid":{"rendered":"https:\/\/viqsglobal.com\/?page_id=2034"},"modified":"2026-01-26T20:44:24","modified_gmt":"2026-01-27T01:44:24","slug":"blog-sistemas-de-gestion","status":"publish","type":"page","link":"https:\/\/viqsglobal.com\/?page_id=2034","title":{"rendered":"Blog"},"content":{"rendered":"\t\t<div data-elementor-type=\"wp-post\" data-elementor-id=\"2034\" class=\"elementor elementor-2034\">\n\t\t\t\t\t\t<section class=\"elementor-section elementor-top-section elementor-element elementor-element-39dabc18 elementor-section-content-middle elementor-section-boxed elementor-section-height-default elementor-section-height-default\" data-id=\"39dabc18\" data-element_type=\"section\" data-settings=\"{&quot;background_background&quot;:&quot;classic&quot;}\">\n\t\t\t\t\t\t\t<div class=\"elementor-background-overlay\"><\/div>\n\t\t\t\t\t\t\t<div class=\"elementor-container elementor-column-gap-no\">\n\t\t\t\t\t<div class=\"elementor-column elementor-col-100 elementor-top-column elementor-element elementor-element-f60585f\" data-id=\"f60585f\" data-element_type=\"column\">\n\t\t\t<div class=\"elementor-widget-wrap elementor-element-populated\">\n\t\t\t\t\t\t<div class=\"elementor-element elementor-element-438af913 elementor-widget elementor-widget-heading\" data-id=\"438af913\" data-element_type=\"widget\" data-widget_type=\"heading.default\">\n\t\t\t\t<div class=\"elementor-widget-container\">\n\t\t\t<style>\/*! elementor - v3.20.0 - 26-03-2024 *\/\n.elementor-heading-title{padding:0;margin:0;line-height:1}.elementor-widget-heading .elementor-heading-title[class*=elementor-size-]>a{color:inherit;font-size:inherit;line-height:inherit}.elementor-widget-heading .elementor-heading-title.elementor-size-small{font-size:15px}.elementor-widget-heading .elementor-heading-title.elementor-size-medium{font-size:19px}.elementor-widget-heading .elementor-heading-title.elementor-size-large{font-size:29px}.elementor-widget-heading .elementor-heading-title.elementor-size-xl{font-size:39px}.elementor-widget-heading .elementor-heading-title.elementor-size-xxl{font-size:59px}<\/style><h1 class=\"elementor-heading-title elementor-size-default\">BLOG<\/h1>\t\t<\/div>\n\t\t\t\t<\/div>\n\t\t\t\t\t<\/div>\n\t\t<\/div>\n\t\t\t\t\t<\/div>\n\t\t<\/section>\n\t\t<div class=\"elementor-element elementor-element-12db2d5 e-flex e-con-boxed e-con e-parent\" data-id=\"12db2d5\" data-element_type=\"container\" data-core-v316-plus=\"true\">\n\t\t\t\t\t<div class=\"e-con-inner\">\n\t\t\t\t<div class=\"elementor-element elementor-element-8fb848c elementor-widget__width-inherit elementor-widget elementor-widget-text-editor\" data-id=\"8fb848c\" data-element_type=\"widget\" data-widget_type=\"text-editor.default\">\n\t\t\t\t<div class=\"elementor-widget-container\">\n\t\t\t<style>\/*! elementor - v3.20.0 - 26-03-2024 *\/\n.elementor-widget-text-editor.elementor-drop-cap-view-stacked .elementor-drop-cap{background-color:#69727d;color:#fff}.elementor-widget-text-editor.elementor-drop-cap-view-framed .elementor-drop-cap{color:#69727d;border:3px solid;background-color:transparent}.elementor-widget-text-editor:not(.elementor-drop-cap-view-default) .elementor-drop-cap{margin-top:8px}.elementor-widget-text-editor:not(.elementor-drop-cap-view-default) .elementor-drop-cap-letter{width:1em;height:1em}.elementor-widget-text-editor .elementor-drop-cap{float:left;text-align:center;line-height:1;font-size:50px}.elementor-widget-text-editor .elementor-drop-cap-letter{display:inline-block}<\/style>\t\t\t\t<div class=\"ng-star-inserted\">\u00a0<\/div><div class=\"query-text gds-body-l\" dir=\"ltr\" role=\"heading\" aria-level=\"2\"><p class=\"query-text-line ng-star-inserted\">Bienvenido al Blog de Calidad y Sistemas de Gesti\u00f3n de VIQS, un espacio creado para compartir conocimientos, experiencias y herramientas pr\u00e1cticas sobre normas ISO, sistemas de gesti\u00f3n y mejora continua, explicados de forma clara y aplicable a la realidad de las organizaciones.Aqu\u00ed encontrar\u00e1s contenidos pensados para ayudarte a comprender la calidad m\u00e1s all\u00e1 del cumplimiento normativo, enfoc\u00e1ndola como una herramienta estrat\u00e9gica para ordenar procesos, tomar mejores decisiones y generar confianza.\u00a0<\/p><\/div>\t\t\t\t\t\t<\/div>\n\t\t\t\t<\/div>\n\t\t\t\t\t<\/div>\n\t\t\t\t<\/div>\n\t\t<div class=\"elementor-element elementor-element-72fc828 e-flex e-con-boxed e-con e-parent\" data-id=\"72fc828\" data-element_type=\"container\" data-core-v316-plus=\"true\">\n\t\t\t\t\t<div class=\"e-con-inner\">\n\t\t\t\t<div class=\"elementor-element elementor-element-e9d6bd3 elementor-widget elementor-widget-heading\" data-id=\"e9d6bd3\" data-element_type=\"widget\" data-widget_type=\"heading.default\">\n\t\t\t\t<div class=\"elementor-widget-container\">\n\t\t\t<h2 class=\"elementor-heading-title elementor-size-default\">\u00bfQu\u00e9 encontrar\u00e1s en este blog?\u200b<\/h2>\t\t<\/div>\n\t\t\t\t<\/div>\n\t\t\t\t<div class=\"elementor-element elementor-element-6596b36 elementor-widget elementor-widget-spacer\" data-id=\"6596b36\" data-element_type=\"widget\" data-widget_type=\"spacer.default\">\n\t\t\t\t<div class=\"elementor-widget-container\">\n\t\t\t<style>\/*! elementor - v3.20.0 - 26-03-2024 *\/\n.elementor-column .elementor-spacer-inner{height:var(--spacer-size)}.e-con{--container-widget-width:100%}.e-con-inner>.elementor-widget-spacer,.e-con>.elementor-widget-spacer{width:var(--container-widget-width,var(--spacer-size));--align-self:var(--container-widget-align-self,initial);--flex-shrink:0}.e-con-inner>.elementor-widget-spacer>.elementor-widget-container,.e-con>.elementor-widget-spacer>.elementor-widget-container{height:100%;width:100%}.e-con-inner>.elementor-widget-spacer>.elementor-widget-container>.elementor-spacer,.e-con>.elementor-widget-spacer>.elementor-widget-container>.elementor-spacer{height:100%}.e-con-inner>.elementor-widget-spacer>.elementor-widget-container>.elementor-spacer>.elementor-spacer-inner,.e-con>.elementor-widget-spacer>.elementor-widget-container>.elementor-spacer>.elementor-spacer-inner{height:var(--container-widget-height,var(--spacer-size))}.e-con-inner>.elementor-widget-spacer.elementor-widget-empty,.e-con>.elementor-widget-spacer.elementor-widget-empty{position:relative;min-height:22px;min-width:22px}.e-con-inner>.elementor-widget-spacer.elementor-widget-empty .elementor-widget-empty-icon,.e-con>.elementor-widget-spacer.elementor-widget-empty .elementor-widget-empty-icon{position:absolute;top:0;bottom:0;left:0;right:0;margin:auto;padding:0;width:22px;height:22px}<\/style>\t\t<div class=\"elementor-spacer\">\n\t\t\t<div class=\"elementor-spacer-inner\"><\/div>\n\t\t<\/div>\n\t\t\t\t<\/div>\n\t\t\t\t<\/div>\n\t\t\t\t\t<\/div>\n\t\t\t\t<\/div>\n\t\t<div class=\"elementor-element elementor-element-33466e9 e-flex e-con-boxed e-con e-parent\" data-id=\"33466e9\" data-element_type=\"container\" data-core-v316-plus=\"true\">\n\t\t\t\t\t<div class=\"e-con-inner\">\n\t\t\t\t<div class=\"elementor-element elementor-element-008d41d elementor-widget elementor-widget-heading\" data-id=\"008d41d\" data-element_type=\"widget\" data-widget_type=\"heading.default\">\n\t\t\t\t<div class=\"elementor-widget-container\">\n\t\t\t<h2 class=\"elementor-heading-title elementor-size-default\">Sistemas de Gesti\u00f3n\u200b<\/h2>\t\t<\/div>\n\t\t\t\t<\/div>\n\t\t\t\t<div class=\"elementor-element elementor-element-fe92f10 elementor-widget-divider--view-line elementor-widget elementor-widget-divider\" data-id=\"fe92f10\" data-element_type=\"widget\" data-widget_type=\"divider.default\">\n\t\t\t\t<div class=\"elementor-widget-container\">\n\t\t\t<style>\/*! elementor - v3.20.0 - 26-03-2024 *\/\n.elementor-widget-divider{--divider-border-style:none;--divider-border-width:1px;--divider-color:#0c0d0e;--divider-icon-size:20px;--divider-element-spacing:10px;--divider-pattern-height:24px;--divider-pattern-size:20px;--divider-pattern-url:none;--divider-pattern-repeat:repeat-x}.elementor-widget-divider .elementor-divider{display:flex}.elementor-widget-divider .elementor-divider__text{font-size:15px;line-height:1;max-width:95%}.elementor-widget-divider .elementor-divider__element{margin:0 var(--divider-element-spacing);flex-shrink:0}.elementor-widget-divider .elementor-icon{font-size:var(--divider-icon-size)}.elementor-widget-divider .elementor-divider-separator{display:flex;margin:0;direction:ltr}.elementor-widget-divider--view-line_icon .elementor-divider-separator,.elementor-widget-divider--view-line_text .elementor-divider-separator{align-items:center}.elementor-widget-divider--view-line_icon .elementor-divider-separator:after,.elementor-widget-divider--view-line_icon .elementor-divider-separator:before,.elementor-widget-divider--view-line_text .elementor-divider-separator:after,.elementor-widget-divider--view-line_text .elementor-divider-separator:before{display:block;content:\"\";border-block-end:0;flex-grow:1;border-block-start:var(--divider-border-width) var(--divider-border-style) var(--divider-color)}.elementor-widget-divider--element-align-left .elementor-divider .elementor-divider-separator>.elementor-divider__svg:first-of-type{flex-grow:0;flex-shrink:100}.elementor-widget-divider--element-align-left .elementor-divider-separator:before{content:none}.elementor-widget-divider--element-align-left .elementor-divider__element{margin-left:0}.elementor-widget-divider--element-align-right .elementor-divider .elementor-divider-separator>.elementor-divider__svg:last-of-type{flex-grow:0;flex-shrink:100}.elementor-widget-divider--element-align-right .elementor-divider-separator:after{content:none}.elementor-widget-divider--element-align-right .elementor-divider__element{margin-right:0}.elementor-widget-divider--element-align-start .elementor-divider .elementor-divider-separator>.elementor-divider__svg:first-of-type{flex-grow:0;flex-shrink:100}.elementor-widget-divider--element-align-start .elementor-divider-separator:before{content:none}.elementor-widget-divider--element-align-start .elementor-divider__element{margin-inline-start:0}.elementor-widget-divider--element-align-end .elementor-divider .elementor-divider-separator>.elementor-divider__svg:last-of-type{flex-grow:0;flex-shrink:100}.elementor-widget-divider--element-align-end .elementor-divider-separator:after{content:none}.elementor-widget-divider--element-align-end .elementor-divider__element{margin-inline-end:0}.elementor-widget-divider:not(.elementor-widget-divider--view-line_text):not(.elementor-widget-divider--view-line_icon) .elementor-divider-separator{border-block-start:var(--divider-border-width) var(--divider-border-style) var(--divider-color)}.elementor-widget-divider--separator-type-pattern{--divider-border-style:none}.elementor-widget-divider--separator-type-pattern.elementor-widget-divider--view-line .elementor-divider-separator,.elementor-widget-divider--separator-type-pattern:not(.elementor-widget-divider--view-line) .elementor-divider-separator:after,.elementor-widget-divider--separator-type-pattern:not(.elementor-widget-divider--view-line) .elementor-divider-separator:before,.elementor-widget-divider--separator-type-pattern:not([class*=elementor-widget-divider--view]) .elementor-divider-separator{width:100%;min-height:var(--divider-pattern-height);-webkit-mask-size:var(--divider-pattern-size) 100%;mask-size:var(--divider-pattern-size) 100%;-webkit-mask-repeat:var(--divider-pattern-repeat);mask-repeat:var(--divider-pattern-repeat);background-color:var(--divider-color);-webkit-mask-image:var(--divider-pattern-url);mask-image:var(--divider-pattern-url)}.elementor-widget-divider--no-spacing{--divider-pattern-size:auto}.elementor-widget-divider--bg-round{--divider-pattern-repeat:round}.rtl .elementor-widget-divider .elementor-divider__text{direction:rtl}.e-con-inner>.elementor-widget-divider,.e-con>.elementor-widget-divider{width:var(--container-widget-width,100%);--flex-grow:var(--container-widget-flex-grow)}<\/style>\t\t<div class=\"elementor-divider\">\n\t\t\t<span class=\"elementor-divider-separator\">\n\t\t\t\t\t\t<\/span>\n\t\t<\/div>\n\t\t\t\t<\/div>\n\t\t\t\t<\/div>\n\t\t\t\t<div class=\"elementor-element elementor-element-cc3da2e elementor-widget elementor-widget-text-editor\" data-id=\"cc3da2e\" data-element_type=\"widget\" data-widget_type=\"text-editor.default\">\n\t\t\t\t<div class=\"elementor-widget-container\">\n\t\t\t\t\t\t\t<p data-start=\"402\" data-end=\"844\">Nuestro prop\u00f3sito es transformar la manera en que las organizaciones gestionan sus procesos, integrando la calidad como un eje estrat\u00e9gico que impulsa la confianza, la sostenibilidad y el crecimiento. Creemos firmemente que los sistemas de gesti\u00f3n no deben verse solo como un requisito normativo, sino como una oportunidad para fortalecer la cultura organizacional, optimizar el desempe\u00f1o y generar valor real para las personas y la sociedad.<\/p><p data-start=\"846\" data-end=\"1216\">Trabajamos desde un enfoque pr\u00e1ctico y humano, entendiendo la realidad de cada organizaci\u00f3n y adaptando las soluciones a su contexto, tama\u00f1o y sector. Promovemos una innovaci\u00f3n con sentido, donde cada acci\u00f3n, procedimiento y decisi\u00f3n est\u00e9 alineada con la excelencia operativa y la mejora continua, permitiendo a las empresas alcanzar resultados sostenibles en el tiempo.<\/p><p data-start=\"1218\" data-end=\"1608\">Ofrecemos servicios integrales de consultor\u00eda en sistemas de gesti\u00f3n, orientados a la optimizaci\u00f3n de procesos y al cumplimiento eficaz de normas ISO y requisitos legales aplicables. Nuestro equipo de expertos realiza diagn\u00f3sticos completos que permiten identificar brechas, riesgos y oportunidades de mejora, estableciendo bases s\u00f3lidas para una toma de decisiones informada y estrat\u00e9gica.<\/p><p data-start=\"1610\" data-end=\"2003\">A partir de estos diagn\u00f3sticos, desarrollamos e implementamos procedimientos personalizados, documentaci\u00f3n clara y flujos de trabajo estandarizados para procesos operativos, de calidad, seguridad y otros sistemas de gesti\u00f3n. Este enfoque permite reducir errores, mejorar la eficiencia, asegurar el cumplimiento normativo y fortalecer la consistencia en la ejecuci\u00f3n de las actividades diarias.<\/p><p data-start=\"2005\" data-end=\"2424\">Complementamos nuestros servicios con la ejecuci\u00f3n de auditor\u00edas internas rigurosas y programas de preparaci\u00f3n para certificaci\u00f3n, dise\u00f1ados para fortalecer las capacidades internas de la organizaci\u00f3n. Acompa\u00f1amos a nuestros clientes en cada etapa del proceso, fomentando una cultura de mejora continua y empoderando a los equipos para que comprendan, mantengan y evolucionen sus sistemas de gesti\u00f3n de manera aut\u00f3noma.<\/p><p data-start=\"2426\" data-end=\"2824\">Cada servicio que ofrecemos est\u00e1 cuidadosamente adaptado a las necesidades espec\u00edficas de nuestros clientes, con el objetivo de entregar resultados tangibles que se reflejen en una mayor eficiencia, confiabilidad y excelencia operativa. Nuestro compromiso es ser un aliado estrat\u00e9gico que inspire confianza, genere valor y contribuya al crecimiento sostenible de las organizaciones que acompa\u00f1amos.<\/p>\t\t\t\t\t\t<\/div>\n\t\t\t\t<\/div>\n\t\t\t\t\t<\/div>\n\t\t\t\t<\/div>\n\t\t<div class=\"elementor-element elementor-element-2f71e5a e-flex e-con-boxed e-con e-parent\" data-id=\"2f71e5a\" data-element_type=\"container\" data-core-v316-plus=\"true\">\n\t\t\t\t\t<div class=\"e-con-inner\">\n\t\t\t\t<div class=\"elementor-element elementor-element-bae963c elementor-widget elementor-widget-heading\" data-id=\"bae963c\" data-element_type=\"widget\" data-widget_type=\"heading.default\">\n\t\t\t\t<div class=\"elementor-widget-container\">\n\t\t\t<h2 class=\"elementor-heading-title elementor-size-default\">Calidad con prop\u00f3sito<\/h2>\t\t<\/div>\n\t\t\t\t<\/div>\n\t\t\t\t<div class=\"elementor-element elementor-element-d984bad elementor-widget-divider--view-line elementor-widget elementor-widget-divider\" data-id=\"d984bad\" data-element_type=\"widget\" data-widget_type=\"divider.default\">\n\t\t\t\t<div class=\"elementor-widget-container\">\n\t\t\t\t\t<div class=\"elementor-divider\">\n\t\t\t<span class=\"elementor-divider-separator\">\n\t\t\t\t\t\t<\/span>\n\t\t<\/div>\n\t\t\t\t<\/div>\n\t\t\t\t<\/div>\n\t\t\t\t<div class=\"elementor-element elementor-element-eacd4c0 elementor-widget elementor-widget-text-editor\" data-id=\"eacd4c0\" data-element_type=\"widget\" data-widget_type=\"text-editor.default\">\n\t\t\t\t<div class=\"elementor-widget-container\">\n\t\t\t\t\t\t\t<p data-start=\"227\" data-end=\"538\">Creemos que la calidad va m\u00e1s all\u00e1 del cumplimiento de normas y procedimientos. Para nosotros, la calidad es una forma de pensar, de actuar y de relacionarnos con las personas y las organizaciones. Es el motor que impulsa la confianza, fortalece la cultura organizacional y genera valor sostenible en el tiempo.<\/p><p data-start=\"540\" data-end=\"880\">Nuestro prop\u00f3sito es acompa\u00f1ar a las organizaciones en la construcci\u00f3n de sistemas de gesti\u00f3n que tengan sentido, que sean \u00fatiles y que est\u00e9n alineados con su realidad. Trabajamos para que la calidad no sea una carga administrativa, sino una herramienta viva que facilite el trabajo diario, mejore los procesos y potencie el talento humano.<\/p><p data-start=\"882\" data-end=\"1241\">Impulsamos una calidad con prop\u00f3sito, basada en la mejora continua, la \u00e9tica, la transparencia y la innovaci\u00f3n consciente. Cada proyecto que desarrollamos busca dejar capacidades instaladas, fortalecer la toma de decisiones y generar impactos positivos que trasciendan los indicadores, aportando bienestar a las personas y sostenibilidad a las organizaciones.<\/p><p data-start=\"1243\" data-end=\"1583\">Creemos en soluciones pr\u00e1cticas, humanas y cercanas, dise\u00f1adas para inspirar confianza y promover una cultura de excelencia. Nuestro compromiso es crear valor real, acompa\u00f1ando a nuestros clientes con conocimiento, experiencia y vocaci\u00f3n de servicio, para que la calidad se convierta en un pilar estrat\u00e9gico de crecimiento y transformaci\u00f3n.<\/p>\t\t\t\t\t\t<\/div>\n\t\t\t\t<\/div>\n\t\t\t\t\t<\/div>\n\t\t\t\t<\/div>\n\t\t<div class=\"elementor-element elementor-element-f5ca001 e-flex e-con-boxed e-con e-parent\" data-id=\"f5ca001\" data-element_type=\"container\" data-core-v316-plus=\"true\">\n\t\t\t\t\t<div class=\"e-con-inner\">\n\t\t\t\t<div class=\"elementor-element elementor-element-6aedef2 elementor-widget elementor-widget-heading\" data-id=\"6aedef2\" data-element_type=\"widget\" data-widget_type=\"heading.default\">\n\t\t\t\t<div class=\"elementor-widget-container\">\n\t\t\t<h2 class=\"elementor-heading-title elementor-size-default\">ISO en la pr\u00e1ctica<\/h2>\t\t<\/div>\n\t\t\t\t<\/div>\n\t\t\t\t<div class=\"elementor-element elementor-element-e731877 elementor-widget-divider--view-line elementor-widget elementor-widget-divider\" data-id=\"e731877\" data-element_type=\"widget\" data-widget_type=\"divider.default\">\n\t\t\t\t<div class=\"elementor-widget-container\">\n\t\t\t\t\t<div class=\"elementor-divider\">\n\t\t\t<span class=\"elementor-divider-separator\">\n\t\t\t\t\t\t<\/span>\n\t\t<\/div>\n\t\t\t\t<\/div>\n\t\t\t\t<\/div>\n\t\t\t\t<div class=\"elementor-element elementor-element-a0b6318 elementor-widget elementor-widget-text-editor\" data-id=\"a0b6318\" data-element_type=\"widget\" data-widget_type=\"text-editor.default\">\n\t\t\t\t<div class=\"elementor-widget-container\">\n\t\t\t\t\t\t\t<p data-start=\"202\" data-end=\"513\">Para nosotros, las normas ISO no son documentos est\u00e1ticos ni un requisito impuesto, sino herramientas pr\u00e1cticas que ayudan a las organizaciones a trabajar mejor. Nuestro enfoque se centra en llevar la ISO a la realidad diaria de la empresa, integr\u00e1ndola a los procesos, a las personas y a la toma de decisiones.<\/p><p data-start=\"515\" data-end=\"832\">Implementamos sistemas de gesti\u00f3n ISO de forma clara, sencilla y aplicable, evitando la sobrecarga documental y los modelos gen\u00e9ricos que no aportan valor. Analizamos c\u00f3mo opera realmente la organizaci\u00f3n y, a partir de ah\u00ed, dise\u00f1amos soluciones que se adapten a su estructura, su cultura y sus objetivos estrat\u00e9gicos.<\/p><p data-start=\"834\" data-end=\"1211\">En la pr\u00e1ctica, esto significa procesos definidos pero flexibles, procedimientos que se entienden y se usan, indicadores que sirven para mejorar y no solo para cumplir, y auditor\u00edas que se convierten en oportunidades de aprendizaje. Acompa\u00f1amos a los equipos para que comprendan el \u201cpor qu\u00e9\u201d de la norma, logrando una implementaci\u00f3n sostenible y f\u00e1cil de mantener en el tiempo.<\/p><p data-start=\"1213\" data-end=\"1539\">Nuestro trabajo abarca desde el diagn\u00f3stico inicial y el cierre de brechas, hasta la preparaci\u00f3n para auditor\u00edas internas y de certificaci\u00f3n. Nos enfocamos en fortalecer las capacidades internas de la organizaci\u00f3n, dejando sistemas funcionales que realmente apoyen la eficiencia, la calidad, la seguridad y la mejora continua.<\/p><p data-start=\"1541\" data-end=\"1747\">Creemos en una ISO aplicada con sentido com\u00fan, enfoque humano y orientaci\u00f3n a resultados. Una ISO en la pr\u00e1ctica, que genere confianza, reduzca riesgos y aporte valor real al crecimiento de la organizaci\u00f3n.<\/p>\t\t\t\t\t\t<\/div>\n\t\t\t\t<\/div>\n\t\t\t\t\t<\/div>\n\t\t\t\t<\/div>\n\t\t\t\t<\/div>\n\t\t","protected":false},"excerpt":{"rendered":"<p>BLOG \u00a0 Bienvenido al Blog de Calidad y Sistemas de Gesti\u00f3n de VIQS, un espacio creado para compartir conocimientos, experiencias y herramientas pr\u00e1cticas sobre normas ISO, sistemas de gesti\u00f3n y mejora continua, explicados de forma clara y aplicable a la realidad de las organizaciones.Aqu\u00ed encontrar\u00e1s contenidos pensados para ayudarte a comprender la calidad m\u00e1s all\u00e1 [&hellip;]<\/p>\n","protected":false},"author":1,"featured_media":0,"parent":0,"menu_order":0,"comment_status":"closed","ping_status":"closed","template":"","meta":{"site-sidebar-layout":"no-sidebar","site-content-layout":"page-builder","ast-site-content-layout":"full-width-container","site-content-style":"unboxed","site-sidebar-style":"unboxed","ast-global-header-display":"","ast-banner-title-visibility":"","ast-main-header-display":"","ast-hfb-above-header-display":"","ast-hfb-below-header-display":"","ast-hfb-mobile-header-display":"","site-post-title":"disabled","ast-breadcrumbs-content":"","ast-featured-img":"disabled","footer-sml-layout":"","theme-transparent-header-meta":"enabled","adv-header-id-meta":"","stick-header-meta":"","header-above-stick-meta":"","header-main-stick-meta":"","header-below-stick-meta":"","astra-migrate-meta-layouts":"set","ast-page-background-enabled":"default","ast-page-background-meta":{"desktop":{"background-color":"","background-image":"","background-repeat":"repeat","background-position":"center center","background-size":"auto","background-attachment":"scroll","background-type":"","background-media":"","overlay-type":"","overlay-color":"","overlay-gradient":""},"tablet":{"background-color":"","background-image":"","background-repeat":"repeat","background-position":"center center","background-size":"auto","background-attachment":"scroll","background-type":"","background-media":"","overlay-type":"","overlay-color":"","overlay-gradient":""},"mobile":{"background-color":"","background-image":"","background-repeat":"repeat","background-position":"center center","background-size":"auto","background-attachment":"scroll","background-type":"","background-media":"","overlay-type":"","overlay-color":"","overlay-gradient":""}},"ast-content-background-meta":{"desktop":{"background-color":"var(--ast-global-color-5)","background-image":"","background-repeat":"repeat","background-position":"center center","background-size":"auto","background-attachment":"scroll","background-type":"","background-media":"","overlay-type":"","overlay-color":"","overlay-gradient":""},"tablet":{"background-color":"var(--ast-global-color-5)","background-image":"","background-repeat":"repeat","background-position":"center center","background-size":"auto","background-attachment":"scroll","background-type":"","background-media":"","overlay-type":"","overlay-color":"","overlay-gradient":""},"mobile":{"background-color":"var(--ast-global-color-5)","background-image":"","background-repeat":"repeat","background-position":"center center","background-size":"auto","background-attachment":"scroll","background-type":"","background-media":"","overlay-type":"","overlay-color":"","overlay-gradient":""}},"footnotes":""},"class_list":["post-2034","page","type-page","status-publish","hentry"],"_links":{"self":[{"href":"https:\/\/viqsglobal.com\/index.php?rest_route=\/wp\/v2\/pages\/2034","targetHints":{"allow":["GET"]}}],"collection":[{"href":"https:\/\/viqsglobal.com\/index.php?rest_route=\/wp\/v2\/pages"}],"about":[{"href":"https:\/\/viqsglobal.com\/index.php?rest_route=\/wp\/v2\/types\/page"}],"author":[{"embeddable":true,"href":"https:\/\/viqsglobal.com\/index.php?rest_route=\/wp\/v2\/users\/1"}],"replies":[{"embeddable":true,"href":"https:\/\/viqsglobal.com\/index.php?rest_route=%2Fwp%2Fv2%2Fcomments&post=2034"}],"version-history":[{"count":20,"href":"https:\/\/viqsglobal.com\/index.php?rest_route=\/wp\/v2\/pages\/2034\/revisions"}],"predecessor-version":[{"id":2066,"href":"https:\/\/viqsglobal.com\/index.php?rest_route=\/wp\/v2\/pages\/2034\/revisions\/2066"}],"wp:attachment":[{"href":"https:\/\/viqsglobal.com\/index.php?rest_route=%2Fwp%2Fv2%2Fmedia&parent=2034"}],"curies":[{"name":"wp","href":"https:\/\/api.w.org\/{rel}","templated":true}]}}